{"id":2,"date":"2025-09-17T16:36:07","date_gmt":"2025-09-17T16:36:07","guid":{"rendered":"https:\/\/fajas.harmonyconnect.mx\/?page_id=2"},"modified":"2025-09-17T22:16:12","modified_gmt":"2025-09-17T22:16:12","slug":"inicio","status":"publish","type":"page","link":"https:\/\/fajas.harmonyconnect.mx\/","title":{"rendered":"Inicio"},"content":{"rendered":"<div class=\"wpb-content-wrapper\"><p>[vc_row full_width=\u00bbstretch_row_content_no_spaces\u00bb][vc_column][vc_gallery type=\u00bbflexslider_slide\u00bb interval=\u00bb3&#8243; images=\u00bb42,41&#8243; img_size=\u00bbfull\u00bb onclick=\u00bb\u00bb css=\u00bb\u00bb][\/vc_column][\/vc_row][vc_row full_width=\u00bbstretch_row\u00bb css=\u00bb.vc_custom_1758146995519{padding-top: 5% !important;padding-bottom: 5% !important;background-color: #FCFCFC !important;}\u00bb][vc_column][vc_row_inner][vc_column_inner]<div class=\"woocommerce columns-5\"><ul class=\"products columns-5\">\n<li class=\"product-category product first col-xs-6 col-sm-4 col-mf-5 un-5-cols\">\n\t<a aria-label=\"Visitar la categor\u00eda de producto L\u00ednea Body\" href=\"https:\/\/fajas.harmonyconnect.mx\/index.php\/product-category\/linea-body\/\"><img fetchpriority=\"high\" decoding=\"async\" src=\"https:\/\/fajas.harmonyconnect.mx\/wp-content\/uploads\/2025\/09\/linea-body-300x300.jpg\" alt=\"L\u00ednea Body\" width=\"300\" height=\"300\" srcset=\"https:\/\/fajas.harmonyconnect.mx\/wp-content\/uploads\/2025\/09\/linea-body-300x300.jpg 300w, https:\/\/fajas.harmonyconnect.mx\/wp-content\/uploads\/2025\/09\/linea-body-150x150.jpg 150w, https:\/\/fajas.harmonyconnect.mx\/wp-content\/uploads\/2025\/09\/linea-body-100x100.jpg 100w\" sizes=\"(max-width: 300px) 100vw, 300px\" \/>\t\t<h2 class=\"woocommerce-loop-category__title\">\n\t\t\tL\u00ednea Body\t\t<\/h2>\n\t\t<\/a><\/li>\n<li class=\"product-category product col-xs-6 col-sm-4 col-mf-5 un-5-cols\">\n\t<a aria-label=\"Visitar la categor\u00eda de producto Linea Brasieres\" href=\"https:\/\/fajas.harmonyconnect.mx\/index.php\/product-category\/linea-brasieres\/\"><img decoding=\"async\" src=\"https:\/\/fajas.harmonyconnect.mx\/wp-content\/uploads\/2025\/09\/linea-postquirurgica-brasier-300x300.jpg\" alt=\"Linea Brasieres\" width=\"300\" height=\"300\" srcset=\"https:\/\/fajas.harmonyconnect.mx\/wp-content\/uploads\/2025\/09\/linea-postquirurgica-brasier-300x300.jpg 300w, https:\/\/fajas.harmonyconnect.mx\/wp-content\/uploads\/2025\/09\/linea-postquirurgica-brasier-150x150.jpg 150w, https:\/\/fajas.harmonyconnect.mx\/wp-content\/uploads\/2025\/09\/linea-postquirurgica-brasier-100x100.jpg 100w\" sizes=\"(max-width: 300px) 100vw, 300px\" \/>\t\t<h2 class=\"woocommerce-loop-category__title\">\n\t\t\tLinea Brasieres\t\t<\/h2>\n\t\t<\/a><\/li>\n<li class=\"product-category product col-xs-6 col-sm-4 col-mf-5 un-5-cols\">\n\t<a aria-label=\"Visitar la categor\u00eda de producto L\u00ednea Deportiva\" href=\"https:\/\/fajas.harmonyconnect.mx\/index.php\/product-category\/linea-deportiva\/\"><img decoding=\"async\" src=\"https:\/\/fajas.harmonyconnect.mx\/wp-content\/uploads\/2025\/09\/linea-deportiva-300x300.jpg\" alt=\"L\u00ednea Deportiva\" width=\"300\" height=\"300\" srcset=\"https:\/\/fajas.harmonyconnect.mx\/wp-content\/uploads\/2025\/09\/linea-deportiva-300x300.jpg 300w, https:\/\/fajas.harmonyconnect.mx\/wp-content\/uploads\/2025\/09\/linea-deportiva-150x150.jpg 150w, https:\/\/fajas.harmonyconnect.mx\/wp-content\/uploads\/2025\/09\/linea-deportiva-100x100.jpg 100w\" sizes=\"(max-width: 300px) 100vw, 300px\" \/>\t\t<h2 class=\"woocommerce-loop-category__title\">\n\t\t\tL\u00ednea Deportiva\t\t<\/h2>\n\t\t<\/a><\/li>\n<li class=\"product-category product col-xs-6 col-sm-4 col-mf-5 un-5-cols\">\n\t<a aria-label=\"Visitar la categor\u00eda de producto L\u00ednea Descanso\" href=\"https:\/\/fajas.harmonyconnect.mx\/index.php\/product-category\/linea-descanso\/\"><img loading=\"lazy\" decoding=\"async\" src=\"https:\/\/fajas.harmonyconnect.mx\/wp-content\/uploads\/2025\/09\/linea-descanso-300x300.jpg\" alt=\"L\u00ednea Descanso\" width=\"300\" height=\"300\" srcset=\"https:\/\/fajas.harmonyconnect.mx\/wp-content\/uploads\/2025\/09\/linea-descanso-300x300.jpg 300w, https:\/\/fajas.harmonyconnect.mx\/wp-content\/uploads\/2025\/09\/linea-descanso-150x150.jpg 150w, https:\/\/fajas.harmonyconnect.mx\/wp-content\/uploads\/2025\/09\/linea-descanso-100x100.jpg 100w\" sizes=\"(max-width: 300px) 100vw, 300px\" \/>\t\t<h2 class=\"woocommerce-loop-category__title\">\n\t\t\tL\u00ednea Descanso\t\t<\/h2>\n\t\t<\/a><\/li>\n<li class=\"product-category product last col-xs-6 col-sm-4 col-mf-5 un-5-cols\">\n\t<a aria-label=\"Visitar la categor\u00eda de producto L\u00ednea Garota Deluxe\" href=\"https:\/\/fajas.harmonyconnect.mx\/index.php\/product-category\/linea-garota-deluxe\/\"><img loading=\"lazy\" decoding=\"async\" src=\"https:\/\/fajas.harmonyconnect.mx\/wp-content\/uploads\/2025\/09\/linea-garota-deluxe-300x300.jpg\" alt=\"L\u00ednea Garota Deluxe\" width=\"300\" height=\"300\" srcset=\"https:\/\/fajas.harmonyconnect.mx\/wp-content\/uploads\/2025\/09\/linea-garota-deluxe-300x300.jpg 300w, https:\/\/fajas.harmonyconnect.mx\/wp-content\/uploads\/2025\/09\/linea-garota-deluxe-150x150.jpg 150w, https:\/\/fajas.harmonyconnect.mx\/wp-content\/uploads\/2025\/09\/linea-garota-deluxe-100x100.jpg 100w\" sizes=\"(max-width: 300px) 100vw, 300px\" \/>\t\t<h2 class=\"woocommerce-loop-category__title\">\n\t\t\tL\u00ednea Garota Deluxe\t\t<\/h2>\n\t\t<\/a><\/li>\n<li class=\"product-category product first col-xs-6 col-sm-4 col-mf-5 un-5-cols\">\n\t<a aria-label=\"Visitar la categor\u00eda de producto L\u00ednea moldeadora\" href=\"https:\/\/fajas.harmonyconnect.mx\/index.php\/product-category\/linea-moldeadora\/\"><img loading=\"lazy\" decoding=\"async\" src=\"https:\/\/fajas.harmonyconnect.mx\/wp-content\/uploads\/2025\/09\/linea-moldeadora-300x300.jpg\" alt=\"L\u00ednea moldeadora\" width=\"300\" height=\"300\" srcset=\"https:\/\/fajas.harmonyconnect.mx\/wp-content\/uploads\/2025\/09\/linea-moldeadora-300x300.jpg 300w, https:\/\/fajas.harmonyconnect.mx\/wp-content\/uploads\/2025\/09\/linea-moldeadora-150x150.jpg 150w, https:\/\/fajas.harmonyconnect.mx\/wp-content\/uploads\/2025\/09\/linea-moldeadora-100x100.jpg 100w\" sizes=\"(max-width: 300px) 100vw, 300px\" \/>\t\t<h2 class=\"woocommerce-loop-category__title\">\n\t\t\tL\u00ednea moldeadora\t\t<\/h2>\n\t\t<\/a><\/li>\n<li class=\"product-category product col-xs-6 col-sm-4 col-mf-5 un-5-cols\">\n\t<a aria-label=\"Visitar la categor\u00eda de producto L\u00ednea Postquir\u00fargica\" href=\"https:\/\/fajas.harmonyconnect.mx\/index.php\/product-category\/linea-postquirurgica\/\"><img loading=\"lazy\" decoding=\"async\" src=\"https:\/\/fajas.harmonyconnect.mx\/wp-content\/uploads\/2025\/09\/linea-postquirurgico-300x300.jpg\" alt=\"L\u00ednea Postquir\u00fargica\" width=\"300\" height=\"300\" srcset=\"https:\/\/fajas.harmonyconnect.mx\/wp-content\/uploads\/2025\/09\/linea-postquirurgico-300x300.jpg 300w, https:\/\/fajas.harmonyconnect.mx\/wp-content\/uploads\/2025\/09\/linea-postquirurgico-150x150.jpg 150w, https:\/\/fajas.harmonyconnect.mx\/wp-content\/uploads\/2025\/09\/linea-postquirurgico-100x100.jpg 100w\" sizes=\"(max-width: 300px) 100vw, 300px\" \/>\t\t<h2 class=\"woocommerce-loop-category__title\">\n\t\t\tL\u00ednea Postquir\u00fargica\t\t<\/h2>\n\t\t<\/a><\/li>\n<li class=\"product-category product col-xs-6 col-sm-4 col-mf-5 un-5-cols\">\n\t<a aria-label=\"Visitar la categor\u00eda de producto L\u00ednea Pride\" href=\"https:\/\/fajas.harmonyconnect.mx\/index.php\/product-category\/linea-pride\/\"><img loading=\"lazy\" decoding=\"async\" src=\"https:\/\/fajas.harmonyconnect.mx\/wp-content\/uploads\/2025\/09\/linea-pride-300x300.jpg\" alt=\"L\u00ednea Pride\" width=\"300\" height=\"300\" srcset=\"https:\/\/fajas.harmonyconnect.mx\/wp-content\/uploads\/2025\/09\/linea-pride-300x300.jpg 300w, https:\/\/fajas.harmonyconnect.mx\/wp-content\/uploads\/2025\/09\/linea-pride-150x150.jpg 150w, https:\/\/fajas.harmonyconnect.mx\/wp-content\/uploads\/2025\/09\/linea-pride-100x100.jpg 100w\" sizes=\"(max-width: 300px) 100vw, 300px\" \/>\t\t<h2 class=\"woocommerce-loop-category__title\">\n\t\t\tL\u00ednea Pride\t\t<\/h2>\n\t\t<\/a><\/li>\n<li class=\"product-category product col-xs-6 col-sm-4 col-mf-5 un-5-cols\">\n\t<a aria-label=\"Visitar la categor\u00eda de producto L\u00ednea Shorts\" href=\"https:\/\/fajas.harmonyconnect.mx\/index.php\/product-category\/linea-shorts\/\"><img loading=\"lazy\" decoding=\"async\" src=\"https:\/\/fajas.harmonyconnect.mx\/wp-content\/uploads\/2025\/09\/linea-shorts-2-300x300.jpg\" alt=\"L\u00ednea Shorts\" width=\"300\" height=\"300\" srcset=\"https:\/\/fajas.harmonyconnect.mx\/wp-content\/uploads\/2025\/09\/linea-shorts-2-300x300.jpg 300w, https:\/\/fajas.harmonyconnect.mx\/wp-content\/uploads\/2025\/09\/linea-shorts-2-150x150.jpg 150w, https:\/\/fajas.harmonyconnect.mx\/wp-content\/uploads\/2025\/09\/linea-shorts-2-100x100.jpg 100w\" sizes=\"(max-width: 300px) 100vw, 300px\" \/>\t\t<h2 class=\"woocommerce-loop-category__title\">\n\t\t\tL\u00ednea Shorts\t\t<\/h2>\n\t\t<\/a><\/li>\n<li class=\"product-category product last col-xs-6 col-sm-4 col-mf-5 un-5-cols\">\n\t<a aria-label=\"Visitar la categor\u00eda de producto L\u00ednea Vestidos De Ba\u00f1o\" href=\"https:\/\/fajas.harmonyconnect.mx\/index.php\/product-category\/linea-vestidos-de-bano\/\"><img loading=\"lazy\" decoding=\"async\" src=\"https:\/\/fajas.harmonyconnect.mx\/wp-content\/uploads\/2025\/09\/linea-vestidos-de-bano-300x300.jpg\" alt=\"L\u00ednea Vestidos De Ba\u00f1o\" width=\"300\" height=\"300\" srcset=\"https:\/\/fajas.harmonyconnect.mx\/wp-content\/uploads\/2025\/09\/linea-vestidos-de-bano-300x300.jpg 300w, https:\/\/fajas.harmonyconnect.mx\/wp-content\/uploads\/2025\/09\/linea-vestidos-de-bano-150x150.jpg 150w, https:\/\/fajas.harmonyconnect.mx\/wp-content\/uploads\/2025\/09\/linea-vestidos-de-bano-100x100.jpg 100w\" sizes=\"(max-width: 300px) 100vw, 300px\" \/>\t\t<h2 class=\"woocommerce-loop-category__title\">\n\t\t\tL\u00ednea Vestidos De Ba\u00f1o\t\t<\/h2>\n\t\t<\/a><\/li>\n<\/ul>\n<\/div>[\/vc_column_inner][\/vc_row_inner][\/vc_column][\/vc_row]<\/p>\n<\/div>","protected":false},"excerpt":{"rendered":"<p>[vc_row full_width=\u00bbstretch_row_content_no_spaces\u00bb][vc_column][vc_gallery type=\u00bbflexslider_slide\u00bb interval=\u00bb3&#8243; images=\u00bb42,41&#8243; img_size=\u00bbfull\u00bb onclick=\u00bb\u00bb css=\u00bb\u00bb][\/vc_column][\/vc_row][vc_row full_width=\u00bbstretch_row\u00bb css=\u00bb.vc_custom_1758146995519{padding-top: 5% !important;padding-bottom: 5% !important;background-color: #FCFCFC !important;}\u00bb][vc_column][vc_row_inner][vc_column_inner][\/vc_column_inner][\/vc_row_inner][\/vc_column][\/vc_row]<\/p>\n","protected":false},"author":1,"featured_media":0,"parent":0,"menu_order":0,"comment_status":"closed","ping_status":"closed","template":"","meta":{"footnotes":""},"class_list":["post-2","page","type-page","status-publish","hentry"],"_links":{"self":[{"href":"https:\/\/fajas.harmonyconnect.mx\/index.php\/wp-json\/wp\/v2\/pages\/2","targetHints":{"allow":["GET"]}}],"collection":[{"href":"https:\/\/fajas.harmonyconnect.mx\/index.php\/wp-json\/wp\/v2\/pages"}],"about":[{"href":"https:\/\/fajas.harmonyconnect.mx\/index.php\/wp-json\/wp\/v2\/types\/page"}],"author":[{"embeddable":true,"href":"https:\/\/fajas.harmonyconnect.mx\/index.php\/wp-json\/wp\/v2\/users\/1"}],"replies":[{"embeddable":true,"href":"https:\/\/fajas.harmonyconnect.mx\/index.php\/wp-json\/wp\/v2\/comments?post=2"}],"version-history":[{"count":7,"href":"https:\/\/fajas.harmonyconnect.mx\/index.php\/wp-json\/wp\/v2\/pages\/2\/revisions"}],"predecessor-version":[{"id":96,"href":"https:\/\/fajas.harmonyconnect.mx\/index.php\/wp-json\/wp\/v2\/pages\/2\/revisions\/96"}],"wp:attachment":[{"href":"https:\/\/fajas.harmonyconnect.mx\/index.php\/wp-json\/wp\/v2\/media?parent=2"}],"curies":[{"name":"wp","href":"https:\/\/api.w.org\/{rel}","templated":true}]}}